{"id":1251,"date":"2022-12-02T11:08:27","date_gmt":"2022-12-02T11:08:27","guid":{"rendered":"https:\/\/levinia.com.vn\/?post_type=product&#038;p=1251"},"modified":"2022-12-29T15:15:59","modified_gmt":"2022-12-29T15:15:59","slug":"sua-tam-collagen-trang-min-tre-hoa-da-levinia-vogue-650ml","status":"publish","type":"product","link":"https:\/\/levinia.com.vn\/index.php\/san-pham\/sua-tam-collagen-trang-min-tre-hoa-da-levinia-vogue-650ml\/","title":{"rendered":"S\u1eeeA T\u1eaeM COLLAGEN++ L&#8217;EVINIA VOGUE &#8211; 650ML"},"content":{"rendered":"<p>S\u1eefa t\u1eafm cao c\u1ea5p L&#8217;evinia Vogue 650ml<\/p>\n<p>C\u00f4ng th\u1ee9c \u0111\u1eb7c bi\u1ec7t gi\u00fap da tr\u1eafng m\u1ecbn v\u00e0 tr\u1ebb h\u00f3a da<\/p>\n<p>M\u00f9i h\u01b0\u01a1ng ng\u1ecdt ng\u00e0o, n\u0103ng \u0111\u1ed9ng<\/p>\n","protected":false},"excerpt":{"rendered":"<p><span style=\"font-weight: 400;\">S\u1eefa t\u1eafm cao c\u1ea5p L\u2019evinia Vogue n\u1ed5i b\u1eadt v\u1edbi th\u00e0nh ph\u1ea7n ch\u1ee9a Collagen++ \u0111\u01b0\u1ee3c nghi\u00ean c\u1ee9u \u0111\u1ec3 gi\u00fap t\u00e1i t\u1ea1o l\u00e0n da l\u00e3o h\u00f3a, gi\u00fap gi\u1ea3m n\u1ebfp nh\u0103n v\u00e0 tr\u1ebb h\u00f3a l\u00e0n da, mang l\u1ea1i l\u00e0n da c\u0103ng m\u1ecbn tr\u1ebb trung. Chi\u1ebft xu\u1ea5t bearberry gi\u1ea3m s\u1eafc t\u1ed1 da gi\u00fap da s\u00e1ng \u0111\u1ec1u m\u00e0u m\u1ed9t c\u00e1ch t\u1ef1 nhi\u00ean. Ngo\u00e0i ra, s\u1eefa t\u1eafm L\u2019evinia c\u00f2n t\u0103ng c\u01b0\u1eddng tinh ch\u1ea5t d\u01b0\u1ee1ng \u1ea9m v\u1edbi Multi-vitamins v\u00e0 Phyto-essence, gi\u00fap da m\u1ec1m m\u1ea1i v\u00e0 m\u1ecbn m\u00e0ng.<\/span><\/p>\n<p><span style=\"font-weight: 400;\">H\u01b0\u01a1ng th\u01a1m vani v\u00e0 tr\u00e1i c\u00e2y ng\u1ecdt ng\u00e0o \u0111an xen gi\u1eefa c\u00e1c t\u1ea7ng h\u01b0\u01a1ng l\u00e0 l\u1ef1a ch\u1ecdn ho\u00e0n h\u1ea3o cho c\u00e1c c\u00f4 n\u00e0ng tr\u1ebb trung v\u00e0 n\u0103ng \u0111\u1ed9ng.<\/span><\/p>\n","protected":false},"featured_media":1226,"template":"","meta":{"_mi_skip_tracking":false,"site-sidebar-layout":"default","site-content-layout":"default","ast-global-header-display":"","ast-main-header-display":"","ast-hfb-above-header-display":"","ast-hfb-below-header-display":"","ast-hfb-mobile-header-display":"","site-post-title":"","ast-breadcrumbs-content":"","ast-featured-img":"","footer-sml-layout":"","theme-transparent-header-meta":"default","adv-header-id-meta":"","stick-header-meta":"","header-above-stick-meta":"","header-main-stick-meta":"","header-below-stick-meta":""},"product_brand":[],"product_cat":[44],"product_tag":[49,51,50],"class_list":{"0":"post-1251","1":"product","2":"type-product","3":"status-publish","4":"has-post-thumbnail","6":"product_cat-sua-tam","7":"product_tag-sua-tam","8":"product_tag-sua-tam-nu","9":"product_tag-sua-tam-trang-da","11":"first","12":"instock","13":"shipping-taxable","14":"product-type-external"},"yoast_head":"<!-- This site is optimized with the Yoast SEO plugin v27.4 - https:\/\/yoast.com\/product\/yoast-seo-wordpress\/ -->\n<title>S\u1eeeA T\u1eaeM COLLAGEN++ L&#039;EVINIA VOGUE - 650ML - L&#039;evinia<\/title>\n<meta name=\"description\" content=\"S\u1eefa t\u1eafm cao c\u1ea5p L&#039;evinia Vogue 650ml. C\u00f4ng th\u1ee9c \u0111\u1eb7c bi\u1ec7t gi\u00fap da tr\u1eafng m\u1ecbn v\u00e0 tr\u1ebb h\u00f3a da. M\u00f9i h\u01b0\u01a1ng ng\u1ecdt ng\u00e0o, n\u0103ng \u0111\u1ed9ng\" \/>\n<meta name=\"robots\" content=\"index, follow, max-snippet:-1, max-image-preview:large, max-video-preview:-1\" \/>\n<link rel=\"canonical\" href=\"https:\/\/levinia.com.vn\/index.php\/san-pham\/sua-tam-collagen-trang-min-tre-hoa-da-levinia-vogue-650ml\/\" \/>\n<meta property=\"og:locale\" content=\"vi_VN\" \/>\n<meta property=\"og:type\" content=\"article\" \/>\n<meta property=\"og:title\" content=\"S\u1eeeA T\u1eaeM COLLAGEN++ L&#039;EVINIA VOGUE - 650ML - L&#039;evinia\" \/>\n<meta property=\"og:description\" content=\"S\u1eefa t\u1eafm cao c\u1ea5p L&#039;evinia Vogue 650ml. C\u00f4ng th\u1ee9c \u0111\u1eb7c bi\u1ec7t gi\u00fap da tr\u1eafng m\u1ecbn v\u00e0 tr\u1ebb h\u00f3a da. M\u00f9i h\u01b0\u01a1ng ng\u1ecdt ng\u00e0o, n\u0103ng \u0111\u1ed9ng\" \/>\n<meta property=\"og:url\" content=\"https:\/\/levinia.com.vn\/index.php\/san-pham\/sua-tam-collagen-trang-min-tre-hoa-da-levinia-vogue-650ml\/\" \/>\n<meta property=\"og:site_name\" content=\"L&#039;evinia\" \/>\n<meta property=\"article:modified_time\" content=\"2022-12-29T15:15:59+00:00\" \/>\n<meta property=\"og:image\" content=\"https:\/\/levinia.com.vn\/wp-content\/uploads\/2022\/12\/tam-lon-vogue-01.png\" \/>\n\t<meta property=\"og:image:width\" content=\"3750\" \/>\n\t<meta property=\"og:image:height\" content=\"3750\" \/>\n\t<meta property=\"og:image:type\" content=\"image\/png\" \/>\n<meta name=\"twitter:card\" content=\"summary_large_image\" \/>\n<meta name=\"twitter:label1\" content=\"\u01af\u1edbc t\u00ednh th\u1eddi gian \u0111\u1ecdc\" \/>\n\t<meta name=\"twitter:data1\" content=\"1 ph\u00fat\" \/>\n<script type=\"application\/ld+json\" class=\"yoast-schema-graph\">{\"@context\":\"https:\\\/\\\/schema.org\",\"@graph\":[{\"@type\":\"WebPage\",\"@id\":\"https:\\\/\\\/levinia.com.vn\\\/index.php\\\/san-pham\\\/sua-tam-collagen-trang-min-tre-hoa-da-levinia-vogue-650ml\\\/\",\"url\":\"https:\\\/\\\/levinia.com.vn\\\/index.php\\\/san-pham\\\/sua-tam-collagen-trang-min-tre-hoa-da-levinia-vogue-650ml\\\/\",\"name\":\"S\u1eeeA T\u1eaeM COLLAGEN++ L'EVINIA VOGUE - 650ML - L&#039;evinia\",\"isPartOf\":{\"@id\":\"https:\\\/\\\/levinia.com.vn\\\/#website\"},\"primaryImageOfPage\":{\"@id\":\"https:\\\/\\\/levinia.com.vn\\\/index.php\\\/san-pham\\\/sua-tam-collagen-trang-min-tre-hoa-da-levinia-vogue-650ml\\\/#primaryimage\"},\"image\":{\"@id\":\"https:\\\/\\\/levinia.com.vn\\\/index.php\\\/san-pham\\\/sua-tam-collagen-trang-min-tre-hoa-da-levinia-vogue-650ml\\\/#primaryimage\"},\"thumbnailUrl\":\"https:\\\/\\\/levinia.com.vn\\\/wp-content\\\/uploads\\\/2022\\\/12\\\/tam-lon-vogue-01.png\",\"datePublished\":\"2022-12-02T11:08:27+00:00\",\"dateModified\":\"2022-12-29T15:15:59+00:00\",\"description\":\"S\u1eefa t\u1eafm cao c\u1ea5p L'evinia Vogue 650ml. C\u00f4ng th\u1ee9c \u0111\u1eb7c bi\u1ec7t gi\u00fap da tr\u1eafng m\u1ecbn v\u00e0 tr\u1ebb h\u00f3a da. M\u00f9i h\u01b0\u01a1ng ng\u1ecdt ng\u00e0o, n\u0103ng \u0111\u1ed9ng\",\"breadcrumb\":{\"@id\":\"https:\\\/\\\/levinia.com.vn\\\/index.php\\\/san-pham\\\/sua-tam-collagen-trang-min-tre-hoa-da-levinia-vogue-650ml\\\/#breadcrumb\"},\"inLanguage\":\"vi\",\"potentialAction\":[{\"@type\":\"ReadAction\",\"target\":[\"https:\\\/\\\/levinia.com.vn\\\/index.php\\\/san-pham\\\/sua-tam-collagen-trang-min-tre-hoa-da-levinia-vogue-650ml\\\/\"]}]},{\"@type\":\"ImageObject\",\"inLanguage\":\"vi\",\"@id\":\"https:\\\/\\\/levinia.com.vn\\\/index.php\\\/san-pham\\\/sua-tam-collagen-trang-min-tre-hoa-da-levinia-vogue-650ml\\\/#primaryimage\",\"url\":\"https:\\\/\\\/levinia.com.vn\\\/wp-content\\\/uploads\\\/2022\\\/12\\\/tam-lon-vogue-01.png\",\"contentUrl\":\"https:\\\/\\\/levinia.com.vn\\\/wp-content\\\/uploads\\\/2022\\\/12\\\/tam-lon-vogue-01.png\",\"width\":3750,\"height\":3750},{\"@type\":\"BreadcrumbList\",\"@id\":\"https:\\\/\\\/levinia.com.vn\\\/index.php\\\/san-pham\\\/sua-tam-collagen-trang-min-tre-hoa-da-levinia-vogue-650ml\\\/#breadcrumb\",\"itemListElement\":[{\"@type\":\"ListItem\",\"position\":1,\"name\":\"Trang ch\u1ee7\",\"item\":\"https:\\\/\\\/levinia.com.vn\\\/\"},{\"@type\":\"ListItem\",\"position\":2,\"name\":\"S\u1ea3n ph\u1ea9m\",\"item\":\"https:\\\/\\\/levinia.com.vn\\\/index.php\\\/cua-hang__trashed\\\/\"},{\"@type\":\"ListItem\",\"position\":3,\"name\":\"S\u1eeeA T\u1eaeM COLLAGEN++ L&#8217;EVINIA VOGUE &#8211; 650ML\"}]},{\"@type\":\"WebSite\",\"@id\":\"https:\\\/\\\/levinia.com.vn\\\/#website\",\"url\":\"https:\\\/\\\/levinia.com.vn\\\/\",\"name\":\"L&#039;evinia\",\"description\":\"\",\"publisher\":{\"@id\":\"https:\\\/\\\/levinia.com.vn\\\/#organization\"},\"potentialAction\":[{\"@type\":\"SearchAction\",\"target\":{\"@type\":\"EntryPoint\",\"urlTemplate\":\"https:\\\/\\\/levinia.com.vn\\\/?s={search_term_string}\"},\"query-input\":{\"@type\":\"PropertyValueSpecification\",\"valueRequired\":true,\"valueName\":\"search_term_string\"}}],\"inLanguage\":\"vi\"},{\"@type\":\"Organization\",\"@id\":\"https:\\\/\\\/levinia.com.vn\\\/#organization\",\"name\":\"L&#039;evinia\",\"url\":\"https:\\\/\\\/levinia.com.vn\\\/\",\"logo\":{\"@type\":\"ImageObject\",\"inLanguage\":\"vi\",\"@id\":\"https:\\\/\\\/levinia.com.vn\\\/#\\\/schema\\\/logo\\\/image\\\/\",\"url\":\"https:\\\/\\\/levinia.com.vn\\\/wp-content\\\/uploads\\\/2022\\\/11\\\/cropped-logo-01.png\",\"contentUrl\":\"https:\\\/\\\/levinia.com.vn\\\/wp-content\\\/uploads\\\/2022\\\/11\\\/cropped-logo-01.png\",\"width\":694,\"height\":234,\"caption\":\"L&#039;evinia\"},\"image\":{\"@id\":\"https:\\\/\\\/levinia.com.vn\\\/#\\\/schema\\\/logo\\\/image\\\/\"}}]}<\/script>\n<!-- \/ Yoast SEO plugin. -->","yoast_head_json":{"title":"S\u1eeeA T\u1eaeM COLLAGEN++ L'EVINIA VOGUE - 650ML - L&#039;evinia","description":"S\u1eefa t\u1eafm cao c\u1ea5p L'evinia Vogue 650ml. C\u00f4ng th\u1ee9c \u0111\u1eb7c bi\u1ec7t gi\u00fap da tr\u1eafng m\u1ecbn v\u00e0 tr\u1ebb h\u00f3a da. M\u00f9i h\u01b0\u01a1ng ng\u1ecdt ng\u00e0o, n\u0103ng \u0111\u1ed9ng","robots":{"index":"index","follow":"follow","max-snippet":"max-snippet:-1","max-image-preview":"max-image-preview:large","max-video-preview":"max-video-preview:-1"},"canonical":"https:\/\/levinia.com.vn\/index.php\/san-pham\/sua-tam-collagen-trang-min-tre-hoa-da-levinia-vogue-650ml\/","og_locale":"vi_VN","og_type":"article","og_title":"S\u1eeeA T\u1eaeM COLLAGEN++ L'EVINIA VOGUE - 650ML - L&#039;evinia","og_description":"S\u1eefa t\u1eafm cao c\u1ea5p L'evinia Vogue 650ml. C\u00f4ng th\u1ee9c \u0111\u1eb7c bi\u1ec7t gi\u00fap da tr\u1eafng m\u1ecbn v\u00e0 tr\u1ebb h\u00f3a da. M\u00f9i h\u01b0\u01a1ng ng\u1ecdt ng\u00e0o, n\u0103ng \u0111\u1ed9ng","og_url":"https:\/\/levinia.com.vn\/index.php\/san-pham\/sua-tam-collagen-trang-min-tre-hoa-da-levinia-vogue-650ml\/","og_site_name":"L&#039;evinia","article_modified_time":"2022-12-29T15:15:59+00:00","og_image":[{"width":3750,"height":3750,"url":"https:\/\/levinia.com.vn\/wp-content\/uploads\/2022\/12\/tam-lon-vogue-01.png","type":"image\/png"}],"twitter_card":"summary_large_image","twitter_misc":{"\u01af\u1edbc t\u00ednh th\u1eddi gian \u0111\u1ecdc":"1 ph\u00fat"},"schema":{"@context":"https:\/\/schema.org","@graph":[{"@type":"WebPage","@id":"https:\/\/levinia.com.vn\/index.php\/san-pham\/sua-tam-collagen-trang-min-tre-hoa-da-levinia-vogue-650ml\/","url":"https:\/\/levinia.com.vn\/index.php\/san-pham\/sua-tam-collagen-trang-min-tre-hoa-da-levinia-vogue-650ml\/","name":"S\u1eeeA T\u1eaeM COLLAGEN++ L'EVINIA VOGUE - 650ML - L&#039;evinia","isPartOf":{"@id":"https:\/\/levinia.com.vn\/#website"},"primaryImageOfPage":{"@id":"https:\/\/levinia.com.vn\/index.php\/san-pham\/sua-tam-collagen-trang-min-tre-hoa-da-levinia-vogue-650ml\/#primaryimage"},"image":{"@id":"https:\/\/levinia.com.vn\/index.php\/san-pham\/sua-tam-collagen-trang-min-tre-hoa-da-levinia-vogue-650ml\/#primaryimage"},"thumbnailUrl":"https:\/\/levinia.com.vn\/wp-content\/uploads\/2022\/12\/tam-lon-vogue-01.png","datePublished":"2022-12-02T11:08:27+00:00","dateModified":"2022-12-29T15:15:59+00:00","description":"S\u1eefa t\u1eafm cao c\u1ea5p L'evinia Vogue 650ml. C\u00f4ng th\u1ee9c \u0111\u1eb7c bi\u1ec7t gi\u00fap da tr\u1eafng m\u1ecbn v\u00e0 tr\u1ebb h\u00f3a da. M\u00f9i h\u01b0\u01a1ng ng\u1ecdt ng\u00e0o, n\u0103ng \u0111\u1ed9ng","breadcrumb":{"@id":"https:\/\/levinia.com.vn\/index.php\/san-pham\/sua-tam-collagen-trang-min-tre-hoa-da-levinia-vogue-650ml\/#breadcrumb"},"inLanguage":"vi","potentialAction":[{"@type":"ReadAction","target":["https:\/\/levinia.com.vn\/index.php\/san-pham\/sua-tam-collagen-trang-min-tre-hoa-da-levinia-vogue-650ml\/"]}]},{"@type":"ImageObject","inLanguage":"vi","@id":"https:\/\/levinia.com.vn\/index.php\/san-pham\/sua-tam-collagen-trang-min-tre-hoa-da-levinia-vogue-650ml\/#primaryimage","url":"https:\/\/levinia.com.vn\/wp-content\/uploads\/2022\/12\/tam-lon-vogue-01.png","contentUrl":"https:\/\/levinia.com.vn\/wp-content\/uploads\/2022\/12\/tam-lon-vogue-01.png","width":3750,"height":3750},{"@type":"BreadcrumbList","@id":"https:\/\/levinia.com.vn\/index.php\/san-pham\/sua-tam-collagen-trang-min-tre-hoa-da-levinia-vogue-650ml\/#breadcrumb","itemListElement":[{"@type":"ListItem","position":1,"name":"Trang ch\u1ee7","item":"https:\/\/levinia.com.vn\/"},{"@type":"ListItem","position":2,"name":"S\u1ea3n ph\u1ea9m","item":"https:\/\/levinia.com.vn\/index.php\/cua-hang__trashed\/"},{"@type":"ListItem","position":3,"name":"S\u1eeeA T\u1eaeM COLLAGEN++ L&#8217;EVINIA VOGUE &#8211; 650ML"}]},{"@type":"WebSite","@id":"https:\/\/levinia.com.vn\/#website","url":"https:\/\/levinia.com.vn\/","name":"L&#039;evinia","description":"","publisher":{"@id":"https:\/\/levinia.com.vn\/#organization"},"potentialAction":[{"@type":"SearchAction","target":{"@type":"EntryPoint","urlTemplate":"https:\/\/levinia.com.vn\/?s={search_term_string}"},"query-input":{"@type":"PropertyValueSpecification","valueRequired":true,"valueName":"search_term_string"}}],"inLanguage":"vi"},{"@type":"Organization","@id":"https:\/\/levinia.com.vn\/#organization","name":"L&#039;evinia","url":"https:\/\/levinia.com.vn\/","logo":{"@type":"ImageObject","inLanguage":"vi","@id":"https:\/\/levinia.com.vn\/#\/schema\/logo\/image\/","url":"https:\/\/levinia.com.vn\/wp-content\/uploads\/2022\/11\/cropped-logo-01.png","contentUrl":"https:\/\/levinia.com.vn\/wp-content\/uploads\/2022\/11\/cropped-logo-01.png","width":694,"height":234,"caption":"L&#039;evinia"},"image":{"@id":"https:\/\/levinia.com.vn\/#\/schema\/logo\/image\/"}}]}},"jetpack_sharing_enabled":true,"_links":{"self":[{"href":"https:\/\/levinia.com.vn\/index.php\/wp-json\/wp\/v2\/product\/1251","targetHints":{"allow":["GET"]}}],"collection":[{"href":"https:\/\/levinia.com.vn\/index.php\/wp-json\/wp\/v2\/product"}],"about":[{"href":"https:\/\/levinia.com.vn\/index.php\/wp-json\/wp\/v2\/types\/product"}],"version-history":[{"count":2,"href":"https:\/\/levinia.com.vn\/index.php\/wp-json\/wp\/v2\/product\/1251\/revisions"}],"predecessor-version":[{"id":1769,"href":"https:\/\/levinia.com.vn\/index.php\/wp-json\/wp\/v2\/product\/1251\/revisions\/1769"}],"wp:featuredmedia":[{"embeddable":true,"href":"https:\/\/levinia.com.vn\/index.php\/wp-json\/wp\/v2\/media\/1226"}],"wp:attachment":[{"href":"https:\/\/levinia.com.vn\/index.php\/wp-json\/wp\/v2\/media?parent=1251"}],"wp:term":[{"taxonomy":"product_brand","embeddable":true,"href":"https:\/\/levinia.com.vn\/index.php\/wp-json\/wp\/v2\/product_brand?post=1251"},{"taxonomy":"product_cat","embeddable":true,"href":"https:\/\/levinia.com.vn\/index.php\/wp-json\/wp\/v2\/product_cat?post=1251"},{"taxonomy":"product_tag","embeddable":true,"href":"https:\/\/levinia.com.vn\/index.php\/wp-json\/wp\/v2\/product_tag?post=1251"}],"curies":[{"name":"wp","href":"https:\/\/api.w.org\/{rel}","templated":true}]}}