{"id":1237,"date":"2022-12-02T10:45:16","date_gmt":"2022-12-02T10:45:16","guid":{"rendered":"https:\/\/levinia.com.vn\/?post_type=product&#038;p=1237"},"modified":"2022-12-30T05:10:21","modified_gmt":"2022-12-30T05:10:21","slug":"lan-khu-mui-nano-trang-min-khu-o-vang-ao-levinia-vogue","status":"publish","type":"product","link":"https:\/\/levinia.com.vn\/index.php\/san-pham\/lan-khu-mui-nano-trang-min-khu-o-vang-ao-levinia-vogue\/","title":{"rendered":"L\u0102N KH\u1eec M\u00d9I CAO C\u1ea4P NANO L&#8217;EVINIA VOGUE"},"content":{"rendered":"<p>L\u0103n kh\u1eed m\u00f9i L\u2019evinia Vogue<\/p>\n<p>C\u00f4ng th\u1ee9c \u0111\u1eb7c bi\u1ec7t gi\u00fap da tr\u1eafng m\u1ecbn v\u00e0 gi\u1ea3m \u1ed1 v\u00e0ng \u00e1o<\/p>\n<p>M\u00f9i h\u01b0\u01a1ng ng\u1ecdt ng\u00e0o, n\u0103ng \u0111\u1ed9ng<\/p>\n","protected":false},"excerpt":{"rendered":"<p><span style=\"font-weight: 400;\">L\u0103n kh\u1eed m\u00f9i cao c\u1ea5p L\u2019evinia v\u1edbi c\u00f4ng th\u1ee9c NANO WHITE t\u0103ng c\u01b0\u1eddng kh\u1ea3 n\u0103ng di\u1ec7t khu\u1ea9n v\u00e0 b\u1ea3o v\u1ec7 v\u00f9ng da d\u01b0\u1edbi c\u00e1nh tay. B\u1ed5 sung h\u1ee3p ch\u1ea5t Aluminium Chlorohydrate gi\u00fap gi\u1ea3m \u1ed1 v\u00e0ng \u00e1o v\u00e0 gi\u1ea3m ti\u1ebft m\u1ed3 h\u00f4i. Chi\u1ebft xu\u1ea5t c\u00e2y rau m\u00e1 k\u1ebft h\u1ee3p v\u1edbi Allantoin, Vitamin B1 &amp; B2 gi\u00fap th\u00fac \u0111\u1ea9y qu\u00e1 tr\u00ecnh t\u00e1i t\u1ea1o da, mang l\u1ea1i c\u1ea3m gi\u00e1c m\u1ec1m m\u01b0\u1ee3t v\u00e0 l\u00e0n da tr\u1eafng m\u1ecbn m\u00e0ng.<\/span><\/p>\n<p><span style=\"font-weight: 400;\">M\u00f9i h\u01b0\u01a1ng si\u00eau ng\u1ecdt ng\u00e0o gi\u00fap c\u00e1c c\u00f4 g\u00e1i tr\u1ebb trung, n\u0103ng \u0111\u1ed9ng t\u1ef1 tin ho\u1ea1t \u0111\u1ed9ng su\u1ed1t ng\u00e0y d\u00e0i.<\/span><\/p>\n<p style=\"text-align: center;\">\n","protected":false},"featured_media":1232,"template":"","meta":{"_mi_skip_tracking":false,"site-sidebar-layout":"default","site-content-layout":"default","ast-global-header-display":"","ast-main-header-display":"","ast-hfb-above-header-display":"","ast-hfb-below-header-display":"","ast-hfb-mobile-header-display":"","site-post-title":"","ast-breadcrumbs-content":"","ast-featured-img":"","footer-sml-layout":"","theme-transparent-header-meta":"default","adv-header-id-meta":"","stick-header-meta":"","header-above-stick-meta":"","header-main-stick-meta":"","header-below-stick-meta":""},"product_brand":[],"product_cat":[43],"product_tag":[25,48],"class_list":{"0":"post-1237","1":"product","2":"type-product","3":"status-publish","4":"has-post-thumbnail","6":"product_cat-lan-khu-mui","7":"product_tag-lan-khu-mui","8":"product_tag-lan-khu-mui-nu","10":"first","11":"instock","12":"shipping-taxable","13":"product-type-external"},"yoast_head":"<!-- This site is optimized with the Yoast SEO plugin v27.4 - https:\/\/yoast.com\/product\/yoast-seo-wordpress\/ -->\n<title>L\u0102N KH\u1eec M\u00d9I CAO C\u1ea4P NANO L&#039;EVINIA VOGUE - L&#039;evinia<\/title>\n<meta name=\"description\" content=\"L\u0103n kh\u1eed m\u00f9i L\u2019evinia Vogue. C\u00f4ng th\u1ee9c \u0111\u1eb7c bi\u1ec7t gi\u00fap da tr\u1eafng m\u1ecbn v\u00e0 gi\u1ea3m \u1ed1 v\u00e0ng \u00e1o. M\u00f9i h\u01b0\u01a1ng ng\u1ecdt ng\u00e0o, n\u0103ng \u0111\u1ed9ng\" \/>\n<meta name=\"robots\" content=\"index, follow, max-snippet:-1, max-image-preview:large, max-video-preview:-1\" \/>\n<link rel=\"canonical\" href=\"https:\/\/levinia.com.vn\/index.php\/san-pham\/lan-khu-mui-nano-trang-min-khu-o-vang-ao-levinia-vogue\/\" \/>\n<meta property=\"og:locale\" content=\"vi_VN\" \/>\n<meta property=\"og:type\" content=\"article\" \/>\n<meta property=\"og:title\" content=\"L\u0102N KH\u1eec M\u00d9I CAO C\u1ea4P NANO L&#039;EVINIA VOGUE - L&#039;evinia\" \/>\n<meta property=\"og:description\" content=\"L\u0103n kh\u1eed m\u00f9i L\u2019evinia Vogue. C\u00f4ng th\u1ee9c \u0111\u1eb7c bi\u1ec7t gi\u00fap da tr\u1eafng m\u1ecbn v\u00e0 gi\u1ea3m \u1ed1 v\u00e0ng \u00e1o. M\u00f9i h\u01b0\u01a1ng ng\u1ecdt ng\u00e0o, n\u0103ng \u0111\u1ed9ng\" \/>\n<meta property=\"og:url\" content=\"https:\/\/levinia.com.vn\/index.php\/san-pham\/lan-khu-mui-nano-trang-min-khu-o-vang-ao-levinia-vogue\/\" \/>\n<meta property=\"og:site_name\" content=\"L&#039;evinia\" \/>\n<meta property=\"article:modified_time\" content=\"2022-12-30T05:10:21+00:00\" \/>\n<meta property=\"og:image\" content=\"https:\/\/levinia.com.vn\/wp-content\/uploads\/2022\/12\/lan-nano-vogue-01.png\" \/>\n\t<meta property=\"og:image:width\" content=\"3750\" \/>\n\t<meta property=\"og:image:height\" content=\"3750\" \/>\n\t<meta property=\"og:image:type\" content=\"image\/png\" \/>\n<meta name=\"twitter:card\" content=\"summary_large_image\" \/>\n<meta name=\"twitter:label1\" content=\"\u01af\u1edbc t\u00ednh th\u1eddi gian \u0111\u1ecdc\" \/>\n\t<meta name=\"twitter:data1\" content=\"1 ph\u00fat\" \/>\n<script type=\"application\/ld+json\" class=\"yoast-schema-graph\">{\"@context\":\"https:\\\/\\\/schema.org\",\"@graph\":[{\"@type\":\"WebPage\",\"@id\":\"https:\\\/\\\/levinia.com.vn\\\/index.php\\\/san-pham\\\/lan-khu-mui-nano-trang-min-khu-o-vang-ao-levinia-vogue\\\/\",\"url\":\"https:\\\/\\\/levinia.com.vn\\\/index.php\\\/san-pham\\\/lan-khu-mui-nano-trang-min-khu-o-vang-ao-levinia-vogue\\\/\",\"name\":\"L\u0102N KH\u1eec M\u00d9I CAO C\u1ea4P NANO L'EVINIA VOGUE - L&#039;evinia\",\"isPartOf\":{\"@id\":\"https:\\\/\\\/levinia.com.vn\\\/#website\"},\"primaryImageOfPage\":{\"@id\":\"https:\\\/\\\/levinia.com.vn\\\/index.php\\\/san-pham\\\/lan-khu-mui-nano-trang-min-khu-o-vang-ao-levinia-vogue\\\/#primaryimage\"},\"image\":{\"@id\":\"https:\\\/\\\/levinia.com.vn\\\/index.php\\\/san-pham\\\/lan-khu-mui-nano-trang-min-khu-o-vang-ao-levinia-vogue\\\/#primaryimage\"},\"thumbnailUrl\":\"https:\\\/\\\/levinia.com.vn\\\/wp-content\\\/uploads\\\/2022\\\/12\\\/lan-nano-vogue-01.png\",\"datePublished\":\"2022-12-02T10:45:16+00:00\",\"dateModified\":\"2022-12-30T05:10:21+00:00\",\"description\":\"L\u0103n kh\u1eed m\u00f9i L\u2019evinia Vogue. C\u00f4ng th\u1ee9c \u0111\u1eb7c bi\u1ec7t gi\u00fap da tr\u1eafng m\u1ecbn v\u00e0 gi\u1ea3m \u1ed1 v\u00e0ng \u00e1o. M\u00f9i h\u01b0\u01a1ng ng\u1ecdt ng\u00e0o, n\u0103ng \u0111\u1ed9ng\",\"breadcrumb\":{\"@id\":\"https:\\\/\\\/levinia.com.vn\\\/index.php\\\/san-pham\\\/lan-khu-mui-nano-trang-min-khu-o-vang-ao-levinia-vogue\\\/#breadcrumb\"},\"inLanguage\":\"vi\",\"potentialAction\":[{\"@type\":\"ReadAction\",\"target\":[\"https:\\\/\\\/levinia.com.vn\\\/index.php\\\/san-pham\\\/lan-khu-mui-nano-trang-min-khu-o-vang-ao-levinia-vogue\\\/\"]}]},{\"@type\":\"ImageObject\",\"inLanguage\":\"vi\",\"@id\":\"https:\\\/\\\/levinia.com.vn\\\/index.php\\\/san-pham\\\/lan-khu-mui-nano-trang-min-khu-o-vang-ao-levinia-vogue\\\/#primaryimage\",\"url\":\"https:\\\/\\\/levinia.com.vn\\\/wp-content\\\/uploads\\\/2022\\\/12\\\/lan-nano-vogue-01.png\",\"contentUrl\":\"https:\\\/\\\/levinia.com.vn\\\/wp-content\\\/uploads\\\/2022\\\/12\\\/lan-nano-vogue-01.png\",\"width\":3750,\"height\":3750},{\"@type\":\"BreadcrumbList\",\"@id\":\"https:\\\/\\\/levinia.com.vn\\\/index.php\\\/san-pham\\\/lan-khu-mui-nano-trang-min-khu-o-vang-ao-levinia-vogue\\\/#breadcrumb\",\"itemListElement\":[{\"@type\":\"ListItem\",\"position\":1,\"name\":\"Trang ch\u1ee7\",\"item\":\"https:\\\/\\\/levinia.com.vn\\\/\"},{\"@type\":\"ListItem\",\"position\":2,\"name\":\"S\u1ea3n ph\u1ea9m\",\"item\":\"https:\\\/\\\/levinia.com.vn\\\/index.php\\\/cua-hang__trashed\\\/\"},{\"@type\":\"ListItem\",\"position\":3,\"name\":\"L\u0102N KH\u1eec M\u00d9I CAO C\u1ea4P NANO L&#8217;EVINIA VOGUE\"}]},{\"@type\":\"WebSite\",\"@id\":\"https:\\\/\\\/levinia.com.vn\\\/#website\",\"url\":\"https:\\\/\\\/levinia.com.vn\\\/\",\"name\":\"L&#039;evinia\",\"description\":\"\",\"publisher\":{\"@id\":\"https:\\\/\\\/levinia.com.vn\\\/#organization\"},\"potentialAction\":[{\"@type\":\"SearchAction\",\"target\":{\"@type\":\"EntryPoint\",\"urlTemplate\":\"https:\\\/\\\/levinia.com.vn\\\/?s={search_term_string}\"},\"query-input\":{\"@type\":\"PropertyValueSpecification\",\"valueRequired\":true,\"valueName\":\"search_term_string\"}}],\"inLanguage\":\"vi\"},{\"@type\":\"Organization\",\"@id\":\"https:\\\/\\\/levinia.com.vn\\\/#organization\",\"name\":\"L&#039;evinia\",\"url\":\"https:\\\/\\\/levinia.com.vn\\\/\",\"logo\":{\"@type\":\"ImageObject\",\"inLanguage\":\"vi\",\"@id\":\"https:\\\/\\\/levinia.com.vn\\\/#\\\/schema\\\/logo\\\/image\\\/\",\"url\":\"https:\\\/\\\/levinia.com.vn\\\/wp-content\\\/uploads\\\/2022\\\/11\\\/cropped-logo-01.png\",\"contentUrl\":\"https:\\\/\\\/levinia.com.vn\\\/wp-content\\\/uploads\\\/2022\\\/11\\\/cropped-logo-01.png\",\"width\":694,\"height\":234,\"caption\":\"L&#039;evinia\"},\"image\":{\"@id\":\"https:\\\/\\\/levinia.com.vn\\\/#\\\/schema\\\/logo\\\/image\\\/\"}}]}<\/script>\n<!-- \/ Yoast SEO plugin. -->","yoast_head_json":{"title":"L\u0102N KH\u1eec M\u00d9I CAO C\u1ea4P NANO L'EVINIA VOGUE - L&#039;evinia","description":"L\u0103n kh\u1eed m\u00f9i L\u2019evinia Vogue. C\u00f4ng th\u1ee9c \u0111\u1eb7c bi\u1ec7t gi\u00fap da tr\u1eafng m\u1ecbn v\u00e0 gi\u1ea3m \u1ed1 v\u00e0ng \u00e1o. M\u00f9i h\u01b0\u01a1ng ng\u1ecdt ng\u00e0o, n\u0103ng \u0111\u1ed9ng","robots":{"index":"index","follow":"follow","max-snippet":"max-snippet:-1","max-image-preview":"max-image-preview:large","max-video-preview":"max-video-preview:-1"},"canonical":"https:\/\/levinia.com.vn\/index.php\/san-pham\/lan-khu-mui-nano-trang-min-khu-o-vang-ao-levinia-vogue\/","og_locale":"vi_VN","og_type":"article","og_title":"L\u0102N KH\u1eec M\u00d9I CAO C\u1ea4P NANO L'EVINIA VOGUE - L&#039;evinia","og_description":"L\u0103n kh\u1eed m\u00f9i L\u2019evinia Vogue. C\u00f4ng th\u1ee9c \u0111\u1eb7c bi\u1ec7t gi\u00fap da tr\u1eafng m\u1ecbn v\u00e0 gi\u1ea3m \u1ed1 v\u00e0ng \u00e1o. M\u00f9i h\u01b0\u01a1ng ng\u1ecdt ng\u00e0o, n\u0103ng \u0111\u1ed9ng","og_url":"https:\/\/levinia.com.vn\/index.php\/san-pham\/lan-khu-mui-nano-trang-min-khu-o-vang-ao-levinia-vogue\/","og_site_name":"L&#039;evinia","article_modified_time":"2022-12-30T05:10:21+00:00","og_image":[{"width":3750,"height":3750,"url":"https:\/\/levinia.com.vn\/wp-content\/uploads\/2022\/12\/lan-nano-vogue-01.png","type":"image\/png"}],"twitter_card":"summary_large_image","twitter_misc":{"\u01af\u1edbc t\u00ednh th\u1eddi gian \u0111\u1ecdc":"1 ph\u00fat"},"schema":{"@context":"https:\/\/schema.org","@graph":[{"@type":"WebPage","@id":"https:\/\/levinia.com.vn\/index.php\/san-pham\/lan-khu-mui-nano-trang-min-khu-o-vang-ao-levinia-vogue\/","url":"https:\/\/levinia.com.vn\/index.php\/san-pham\/lan-khu-mui-nano-trang-min-khu-o-vang-ao-levinia-vogue\/","name":"L\u0102N KH\u1eec M\u00d9I CAO C\u1ea4P NANO L'EVINIA VOGUE - L&#039;evinia","isPartOf":{"@id":"https:\/\/levinia.com.vn\/#website"},"primaryImageOfPage":{"@id":"https:\/\/levinia.com.vn\/index.php\/san-pham\/lan-khu-mui-nano-trang-min-khu-o-vang-ao-levinia-vogue\/#primaryimage"},"image":{"@id":"https:\/\/levinia.com.vn\/index.php\/san-pham\/lan-khu-mui-nano-trang-min-khu-o-vang-ao-levinia-vogue\/#primaryimage"},"thumbnailUrl":"https:\/\/levinia.com.vn\/wp-content\/uploads\/2022\/12\/lan-nano-vogue-01.png","datePublished":"2022-12-02T10:45:16+00:00","dateModified":"2022-12-30T05:10:21+00:00","description":"L\u0103n kh\u1eed m\u00f9i L\u2019evinia Vogue. C\u00f4ng th\u1ee9c \u0111\u1eb7c bi\u1ec7t gi\u00fap da tr\u1eafng m\u1ecbn v\u00e0 gi\u1ea3m \u1ed1 v\u00e0ng \u00e1o. M\u00f9i h\u01b0\u01a1ng ng\u1ecdt ng\u00e0o, n\u0103ng \u0111\u1ed9ng","breadcrumb":{"@id":"https:\/\/levinia.com.vn\/index.php\/san-pham\/lan-khu-mui-nano-trang-min-khu-o-vang-ao-levinia-vogue\/#breadcrumb"},"inLanguage":"vi","potentialAction":[{"@type":"ReadAction","target":["https:\/\/levinia.com.vn\/index.php\/san-pham\/lan-khu-mui-nano-trang-min-khu-o-vang-ao-levinia-vogue\/"]}]},{"@type":"ImageObject","inLanguage":"vi","@id":"https:\/\/levinia.com.vn\/index.php\/san-pham\/lan-khu-mui-nano-trang-min-khu-o-vang-ao-levinia-vogue\/#primaryimage","url":"https:\/\/levinia.com.vn\/wp-content\/uploads\/2022\/12\/lan-nano-vogue-01.png","contentUrl":"https:\/\/levinia.com.vn\/wp-content\/uploads\/2022\/12\/lan-nano-vogue-01.png","width":3750,"height":3750},{"@type":"BreadcrumbList","@id":"https:\/\/levinia.com.vn\/index.php\/san-pham\/lan-khu-mui-nano-trang-min-khu-o-vang-ao-levinia-vogue\/#breadcrumb","itemListElement":[{"@type":"ListItem","position":1,"name":"Trang ch\u1ee7","item":"https:\/\/levinia.com.vn\/"},{"@type":"ListItem","position":2,"name":"S\u1ea3n ph\u1ea9m","item":"https:\/\/levinia.com.vn\/index.php\/cua-hang__trashed\/"},{"@type":"ListItem","position":3,"name":"L\u0102N KH\u1eec M\u00d9I CAO C\u1ea4P NANO L&#8217;EVINIA VOGUE"}]},{"@type":"WebSite","@id":"https:\/\/levinia.com.vn\/#website","url":"https:\/\/levinia.com.vn\/","name":"L&#039;evinia","description":"","publisher":{"@id":"https:\/\/levinia.com.vn\/#organization"},"potentialAction":[{"@type":"SearchAction","target":{"@type":"EntryPoint","urlTemplate":"https:\/\/levinia.com.vn\/?s={search_term_string}"},"query-input":{"@type":"PropertyValueSpecification","valueRequired":true,"valueName":"search_term_string"}}],"inLanguage":"vi"},{"@type":"Organization","@id":"https:\/\/levinia.com.vn\/#organization","name":"L&#039;evinia","url":"https:\/\/levinia.com.vn\/","logo":{"@type":"ImageObject","inLanguage":"vi","@id":"https:\/\/levinia.com.vn\/#\/schema\/logo\/image\/","url":"https:\/\/levinia.com.vn\/wp-content\/uploads\/2022\/11\/cropped-logo-01.png","contentUrl":"https:\/\/levinia.com.vn\/wp-content\/uploads\/2022\/11\/cropped-logo-01.png","width":694,"height":234,"caption":"L&#039;evinia"},"image":{"@id":"https:\/\/levinia.com.vn\/#\/schema\/logo\/image\/"}}]}},"jetpack_sharing_enabled":true,"_links":{"self":[{"href":"https:\/\/levinia.com.vn\/index.php\/wp-json\/wp\/v2\/product\/1237","targetHints":{"allow":["GET"]}}],"collection":[{"href":"https:\/\/levinia.com.vn\/index.php\/wp-json\/wp\/v2\/product"}],"about":[{"href":"https:\/\/levinia.com.vn\/index.php\/wp-json\/wp\/v2\/types\/product"}],"version-history":[{"count":6,"href":"https:\/\/levinia.com.vn\/index.php\/wp-json\/wp\/v2\/product\/1237\/revisions"}],"predecessor-version":[{"id":1919,"href":"https:\/\/levinia.com.vn\/index.php\/wp-json\/wp\/v2\/product\/1237\/revisions\/1919"}],"wp:featuredmedia":[{"embeddable":true,"href":"https:\/\/levinia.com.vn\/index.php\/wp-json\/wp\/v2\/media\/1232"}],"wp:attachment":[{"href":"https:\/\/levinia.com.vn\/index.php\/wp-json\/wp\/v2\/media?parent=1237"}],"wp:term":[{"taxonomy":"product_brand","embeddable":true,"href":"https:\/\/levinia.com.vn\/index.php\/wp-json\/wp\/v2\/product_brand?post=1237"},{"taxonomy":"product_cat","embeddable":true,"href":"https:\/\/levinia.com.vn\/index.php\/wp-json\/wp\/v2\/product_cat?post=1237"},{"taxonomy":"product_tag","embeddable":true,"href":"https:\/\/levinia.com.vn\/index.php\/wp-json\/wp\/v2\/product_tag?post=1237"}],"curies":[{"name":"wp","href":"https:\/\/api.w.org\/{rel}","templated":true}]}}