{"id":1291,"date":"2022-12-02T12:35:11","date_gmt":"2022-12-02T12:35:11","guid":{"rendered":"https:\/\/levinia.com.vn\/?page_id=1291"},"modified":"2022-12-21T16:39:14","modified_gmt":"2022-12-21T16:39:14","slug":"khac","status":"publish","type":"page","link":"https:\/\/levinia.com.vn\/index.php\/san-pham-xxis\/khac\/","title":{"rendered":"KH\u00c1C"},"content":{"rendered":"\t\t<div data-elementor-type=\"wp-page\" data-elementor-id=\"1291\" class=\"elementor elementor-1291\">\n\t\t\t\t\t\t<section class=\"elementor-section elementor-top-section elementor-element elementor-element-dab8c45 elementor-section-boxed elementor-section-height-default elementor-section-height-default\" data-id=\"dab8c45\" data-element_type=\"section\" data-e-type=\"section\">\n\t\t\t\t\t\t<div class=\"elementor-container elementor-column-gap-default\">\n\t\t\t\t\t<div class=\"elementor-column elementor-col-100 elementor-top-column elementor-element elementor-element-f4a80d6 elementor-invisible\" data-id=\"f4a80d6\" data-element_type=\"column\" data-e-type=\"column\" data-settings=\"{&quot;animation&quot;:&quot;slideInDown&quot;,&quot;background_background&quot;:&quot;gradient&quot;}\">\n\t\t\t<div class=\"elementor-widget-wrap elementor-element-populated\">\n\t\t\t\t\t\t<div class=\"elementor-element elementor-element-407e970 elementor-widget elementor-widget-spacer\" data-id=\"407e970\" data-element_type=\"widget\" data-e-type=\"widget\" data-widget_type=\"spacer.default\">\n\t\t\t\t<div class=\"elementor-widget-container\">\n\t\t\t\t\t\t\t<div class=\"elementor-spacer\">\n\t\t\t<div class=\"elementor-spacer-inner\"><\/div>\n\t\t<\/div>\n\t\t\t\t\t\t<\/div>\n\t\t\t\t<\/div>\n\t\t\t\t<div class=\"elementor-element elementor-element-e636db9 eael-product-grid-column-4 elementor-widget elementor-widget-eicon-woocommerce\" data-id=\"e636db9\" data-element_type=\"widget\" data-e-type=\"widget\" data-widget_type=\"eicon-woocommerce.default\">\n\t\t\t\t<div class=\"elementor-widget-container\">\n\t\t\t\t\t\n        <div class=\"eael-product-grid eael-product-simple grid\" id=\"eael-product-grid\" data-widget-id=\"e636db9\" data-page-id=\"1291\" data-nonce=\"a1fcfad49a\" >\n            <div class=\"woocommerce\">\n                <ul class=\"products eael-post-appender eael-post-appender-e636db9\" data-ssi-desktop=\"no\" data-ssi-tablet=\"no\" data-ssi-mobile=\"no\" data-layout-mode=\"grid\"> <li class=\"product \">\n<div class=\"eael-product-wrap\" data-src=\"\" data-src-hover=\"\">\n    <a href=\"https:\/\/levinia.com.vn\/index.php\/san-pham\/xa-bong-cuc-levinia-vogue\/\" class=\"woocommerce-LoopProduct-link woocommerce-loop-product__link\"><img fetchpriority=\"high\" decoding=\"async\" width=\"3750\" height=\"3750\" src=\"https:\/\/levinia.com.vn\/wp-content\/uploads\/2022\/12\/cuc-vogue-01-1.png\" class=\"attachment-woocommerce_thumbnail size-woocommerce_thumbnail wvs-archive-product-image\" alt=\"X\u00c0 B\u00d4NG CAO C\u1ea4P COLLAGEN++ L&#039;EVINIA VOGUE\" loading=\"eager\" srcset=\"https:\/\/levinia.com.vn\/wp-content\/uploads\/2022\/12\/cuc-vogue-01-1.png 3750w, https:\/\/levinia.com.vn\/wp-content\/uploads\/2022\/12\/cuc-vogue-01-1-300x300.png 300w, https:\/\/levinia.com.vn\/wp-content\/uploads\/2022\/12\/cuc-vogue-01-1-1024x1024.png 1024w, https:\/\/levinia.com.vn\/wp-content\/uploads\/2022\/12\/cuc-vogue-01-1-150x150.png 150w, https:\/\/levinia.com.vn\/wp-content\/uploads\/2022\/12\/cuc-vogue-01-1-768x768.png 768w, https:\/\/levinia.com.vn\/wp-content\/uploads\/2022\/12\/cuc-vogue-01-1-1536x1536.png 1536w, https:\/\/levinia.com.vn\/wp-content\/uploads\/2022\/12\/cuc-vogue-01-1-2048x2048.png 2048w, https:\/\/levinia.com.vn\/wp-content\/uploads\/2022\/12\/cuc-vogue-01-1-100x100.png 100w\" sizes=\"(max-width: 3750px) 100vw, 3750px\" \/><\/a><div class=\"eael-product-title\">\n    <a href=\"https:\/\/levinia.com.vn\/index.php\/san-pham\/xa-bong-cuc-levinia-vogue\/\" class=\"woocommerce-LoopProduct-link woocommerce-loop-product__link\"><h2 class=\"woocommerce-loop-product__title\">X\u00c0 B\u00d4NG CAO C\u1ea4P COLLAGEN++ L'EVINIA VOGUE<\/h2><\/a>\n    <\/div>    <a href=\"https:\/\/www.lazada.vn\/products\/gift-xa-bong-trang-min-tre-hoa-da-levinia-vogue-100g-i1212587640-s4509393476.html?clickTrackInfo=query%253A%253Bnid%253A1212587640%253Bsrc%253AlazadaInShopSrp%253Brn%253Ad763e88be5c11c0b1a592ade75f05b1c%253Bregion%253Avn%253Bsku%253A1212587640_VNAMZ%253Bprice%253A14000.00%253Bclient%253Adesktop%253Bsupplier_id%253A200165820010%253Basc_category_id%253A10003335%253Bitem_id%253A1212587640%253Bsku_id%253A4509393476%253Bshop_id%253A1895720&#038;freeshipping=0&#038;fs_ab=2&#038;fuse_fs=1&#038;request_id=d763e88be5c11c0b1a592ade75f05b1c&#038;search=1&#038;source=search&#038;spm=a2o4n.seller.list.i40.2ad41cafLptQJJ\" aria-describedby=\"woocommerce_loop_add_to_cart_link_describedby_1255\" data-quantity=\"1\" class=\"button product_type_external\" data-product_id=\"1255\" data-product_sku=\"\" aria-label=\"Mua s\u1ea3n ph\u1ea9m\" rel=\"nofollow\" target=\"_blank\">Mua s\u1ea3n ph\u1ea9m<\/a>\t<span id=\"woocommerce_loop_add_to_cart_link_describedby_1255\" class=\"screen-reader-text\">\n\t\t\t<\/span>\n    \n<\/div>\n\n<\/li> <li class=\"product \">\n<div class=\"eael-product-wrap\" data-src=\"\" data-src-hover=\"\">\n    <a href=\"https:\/\/levinia.com.vn\/index.php\/san-pham\/xa-bong-collagen-trang-min-tre-hoa-da-ritz\/\" class=\"woocommerce-LoopProduct-link woocommerce-loop-product__link\"><img decoding=\"async\" width=\"3750\" height=\"3750\" src=\"https:\/\/levinia.com.vn\/wp-content\/uploads\/2022\/12\/cuc-ritz-01-1.png\" class=\"attachment-woocommerce_thumbnail size-woocommerce_thumbnail wvs-archive-product-image\" alt=\"X\u00c0 B\u00d4NG CAO C\u1ea4P COLLAGEN++ L&#039;EVINIA RITZ\" loading=\"eager\" srcset=\"https:\/\/levinia.com.vn\/wp-content\/uploads\/2022\/12\/cuc-ritz-01-1.png 3750w, https:\/\/levinia.com.vn\/wp-content\/uploads\/2022\/12\/cuc-ritz-01-1-300x300.png 300w, https:\/\/levinia.com.vn\/wp-content\/uploads\/2022\/12\/cuc-ritz-01-1-1024x1024.png 1024w, https:\/\/levinia.com.vn\/wp-content\/uploads\/2022\/12\/cuc-ritz-01-1-150x150.png 150w, https:\/\/levinia.com.vn\/wp-content\/uploads\/2022\/12\/cuc-ritz-01-1-768x768.png 768w, https:\/\/levinia.com.vn\/wp-content\/uploads\/2022\/12\/cuc-ritz-01-1-1536x1536.png 1536w, https:\/\/levinia.com.vn\/wp-content\/uploads\/2022\/12\/cuc-ritz-01-1-2048x2048.png 2048w, https:\/\/levinia.com.vn\/wp-content\/uploads\/2022\/12\/cuc-ritz-01-1-100x100.png 100w\" sizes=\"(max-width: 3750px) 100vw, 3750px\" \/><\/a><div class=\"eael-product-title\">\n    <a href=\"https:\/\/levinia.com.vn\/index.php\/san-pham\/xa-bong-collagen-trang-min-tre-hoa-da-ritz\/\" class=\"woocommerce-LoopProduct-link woocommerce-loop-product__link\"><h2 class=\"woocommerce-loop-product__title\">X\u00c0 B\u00d4NG CAO C\u1ea4P COLLAGEN++ L'EVINIA RITZ<\/h2><\/a>\n    <\/div>    <a href=\"https:\/\/www.lazada.vn\/products\/xa-bong-trang-min-tre-hoa-da-levinia-ritz-100g-i1212844122-s4509415566.html?clickTrackInfo=query%253A%253Bnid%253A1212844122%253Bsrc%253AlazadaInShopSrp%253Brn%253A4da3b044eb7ac617790b57b0b5f281f2%253Bregion%253Avn%253Bsku%253A1212844122_VNAMZ%253Bprice%253A12000%253Bclient%253Adesktop%253Bsupplier_id%253A200165820010%253Basc_category_id%253A10003335%253Bitem_id%253A1212844122%253Bsku_id%253A4509415566%253Bshop_id%253A1895720&#038;freeshipping=0&#038;fs_ab=2&#038;fuse_fs=1&#038;request_id=4da3b044eb7ac617790b57b0b5f281f2&#038;search=1&#038;source=search&#038;spm=a2o4n.seller.list.i70.2ad41caf0HXnE4\" aria-describedby=\"woocommerce_loop_add_to_cart_link_describedby_1252\" data-quantity=\"1\" class=\"button product_type_external\" data-product_id=\"1252\" data-product_sku=\"\" aria-label=\"Mua s\u1ea3n ph\u1ea9m\" rel=\"nofollow\" target=\"_blank\">Mua s\u1ea3n ph\u1ea9m<\/a>\t<span id=\"woocommerce_loop_add_to_cart_link_describedby_1252\" class=\"screen-reader-text\">\n\t\t\t<\/span>\n    \n<\/div>\n\n<\/li><\/ul>            <\/div>\n        <\/div>\n\n        <script type=\"text\/javascript\">\n            jQuery(document).ready(function($) {\n                var $scope = jQuery(\".elementor-element-e636db9\");\n                var $products = $('.products', $scope);\n                var $layout_mode = $products.data('layout-mode');\n                \n                if ( $layout_mode === 'masonry' ) {\n                    \/\/ init isotope\n                    var $isotope_products = $products.isotope({\n                        itemSelector: \"li.product\",\n                        layoutMode: $layout_mode,\n                        percentPosition: true\n                    });\n\n                    $isotope_products.imagesLoaded().progress( function() {\n                        $isotope_products.isotope('layout');\n                    })\n                    \n                }\n            });\n        <\/script>\n        \t\t\t\t<\/div>\n\t\t\t\t<\/div>\n\t\t\t\t\t<\/div>\n\t\t<\/div>\n\t\t\t\t\t<\/div>\n\t\t<\/section>\n\t\t\t\t<\/div>\n\t\t","protected":false},"excerpt":{"rendered":"<p>X\u00c0 B\u00d4NG CAO C\u1ea4P COLLAGEN++ L&#8217;EVINIA VOGUE Mua s\u1ea3n ph\u1ea9m X\u00c0 B\u00d4NG CAO C\u1ea4P COLLAGEN++ L&#8217;EVINIA RITZ Mua s\u1ea3n ph\u1ea9m<\/p>\n","protected":false},"author":2,"featured_media":1159,"parent":38,"menu_order":0,"comment_status":"closed","ping_status":"closed","template":"elementor_header_footer","meta":{"_mi_skip_tracking":false,"site-sidebar-layout":"no-sidebar","site-content-layout":"page-builder","ast-global-header-display":"","ast-main-header-display":"","ast-hfb-above-header-display":"","ast-hfb-below-header-display":"","ast-hfb-mobile-header-display":"","site-post-title":"disabled","ast-breadcrumbs-content":"","ast-featured-img":"disabled","footer-sml-layout":"","theme-transparent-header-meta":"","adv-header-id-meta":"","stick-header-meta":"","header-above-stick-meta":"","header-main-stick-meta":"","header-below-stick-meta":"","footnotes":""},"class_list":["post-1291","page","type-page","status-publish","has-post-thumbnail","hentry"],"yoast_head":"<!-- This site is optimized with the Yoast SEO plugin v27.4 - https:\/\/yoast.com\/product\/yoast-seo-wordpress\/ -->\n<title>KH\u00c1C - L&#039;evinia<\/title>\n<meta name=\"robots\" content=\"index, follow, max-snippet:-1, max-image-preview:large, max-video-preview:-1\" \/>\n<link rel=\"canonical\" href=\"https:\/\/levinia.com.vn\/index.php\/san-pham-xxis\/khac\/\" \/>\n<meta property=\"og:locale\" content=\"vi_VN\" \/>\n<meta property=\"og:type\" content=\"article\" \/>\n<meta property=\"og:title\" content=\"KH\u00c1C - L&#039;evinia\" \/>\n<meta property=\"og:description\" content=\"X\u00c0 B\u00d4NG CAO C\u1ea4P COLLAGEN++ L&#8217;EVINIA VOGUE Mua s\u1ea3n ph\u1ea9m X\u00c0 B\u00d4NG CAO C\u1ea4P COLLAGEN++ L&#8217;EVINIA RITZ Mua s\u1ea3n ph\u1ea9m\" \/>\n<meta property=\"og:url\" content=\"https:\/\/levinia.com.vn\/index.php\/san-pham-xxis\/khac\/\" \/>\n<meta property=\"og:site_name\" content=\"L&#039;evinia\" \/>\n<meta property=\"article:modified_time\" content=\"2022-12-21T16:39:14+00:00\" \/>\n<meta property=\"og:image\" content=\"https:\/\/levinia.com.vn\/wp-content\/uploads\/2022\/11\/hoa-nen-san-pham-01-1.png\" \/>\n\t<meta property=\"og:image:width\" content=\"3508\" \/>\n\t<meta property=\"og:image:height\" content=\"1803\" \/>\n\t<meta property=\"og:image:type\" content=\"image\/png\" \/>\n<meta name=\"twitter:card\" content=\"summary_large_image\" \/>\n<meta name=\"twitter:label1\" content=\"\u01af\u1edbc t\u00ednh th\u1eddi gian \u0111\u1ecdc\" \/>\n\t<meta name=\"twitter:data1\" content=\"1 ph\u00fat\" \/>\n<script type=\"application\/ld+json\" class=\"yoast-schema-graph\">{\"@context\":\"https:\\\/\\\/schema.org\",\"@graph\":[{\"@type\":\"WebPage\",\"@id\":\"https:\\\/\\\/levinia.com.vn\\\/index.php\\\/san-pham-xxis\\\/khac\\\/\",\"url\":\"https:\\\/\\\/levinia.com.vn\\\/index.php\\\/san-pham-xxis\\\/khac\\\/\",\"name\":\"KH\u00c1C - L&#039;evinia\",\"isPartOf\":{\"@id\":\"https:\\\/\\\/levinia.com.vn\\\/#website\"},\"primaryImageOfPage\":{\"@id\":\"https:\\\/\\\/levinia.com.vn\\\/index.php\\\/san-pham-xxis\\\/khac\\\/#primaryimage\"},\"image\":{\"@id\":\"https:\\\/\\\/levinia.com.vn\\\/index.php\\\/san-pham-xxis\\\/khac\\\/#primaryimage\"},\"thumbnailUrl\":\"https:\\\/\\\/levinia.com.vn\\\/wp-content\\\/uploads\\\/2022\\\/11\\\/hoa-nen-san-pham-01-1.png\",\"datePublished\":\"2022-12-02T12:35:11+00:00\",\"dateModified\":\"2022-12-21T16:39:14+00:00\",\"breadcrumb\":{\"@id\":\"https:\\\/\\\/levinia.com.vn\\\/index.php\\\/san-pham-xxis\\\/khac\\\/#breadcrumb\"},\"inLanguage\":\"vi\",\"potentialAction\":[{\"@type\":\"ReadAction\",\"target\":[\"https:\\\/\\\/levinia.com.vn\\\/index.php\\\/san-pham-xxis\\\/khac\\\/\"]}]},{\"@type\":\"ImageObject\",\"inLanguage\":\"vi\",\"@id\":\"https:\\\/\\\/levinia.com.vn\\\/index.php\\\/san-pham-xxis\\\/khac\\\/#primaryimage\",\"url\":\"https:\\\/\\\/levinia.com.vn\\\/wp-content\\\/uploads\\\/2022\\\/11\\\/hoa-nen-san-pham-01-1.png\",\"contentUrl\":\"https:\\\/\\\/levinia.com.vn\\\/wp-content\\\/uploads\\\/2022\\\/11\\\/hoa-nen-san-pham-01-1.png\",\"width\":3508,\"height\":1803},{\"@type\":\"BreadcrumbList\",\"@id\":\"https:\\\/\\\/levinia.com.vn\\\/index.php\\\/san-pham-xxis\\\/khac\\\/#breadcrumb\",\"itemListElement\":[{\"@type\":\"ListItem\",\"position\":1,\"name\":\"Trang ch\u1ee7\",\"item\":\"https:\\\/\\\/levinia.com.vn\\\/\"},{\"@type\":\"ListItem\",\"position\":2,\"name\":\"S\u1ea2N PH\u1ea8M L&#8217;EVINIA\",\"item\":\"https:\\\/\\\/levinia.com.vn\\\/\"},{\"@type\":\"ListItem\",\"position\":3,\"name\":\"KH\u00c1C\"}]},{\"@type\":\"WebSite\",\"@id\":\"https:\\\/\\\/levinia.com.vn\\\/#website\",\"url\":\"https:\\\/\\\/levinia.com.vn\\\/\",\"name\":\"L&#039;evinia\",\"description\":\"\",\"publisher\":{\"@id\":\"https:\\\/\\\/levinia.com.vn\\\/#organization\"},\"potentialAction\":[{\"@type\":\"SearchAction\",\"target\":{\"@type\":\"EntryPoint\",\"urlTemplate\":\"https:\\\/\\\/levinia.com.vn\\\/?s={search_term_string}\"},\"query-input\":{\"@type\":\"PropertyValueSpecification\",\"valueRequired\":true,\"valueName\":\"search_term_string\"}}],\"inLanguage\":\"vi\"},{\"@type\":\"Organization\",\"@id\":\"https:\\\/\\\/levinia.com.vn\\\/#organization\",\"name\":\"L&#039;evinia\",\"url\":\"https:\\\/\\\/levinia.com.vn\\\/\",\"logo\":{\"@type\":\"ImageObject\",\"inLanguage\":\"vi\",\"@id\":\"https:\\\/\\\/levinia.com.vn\\\/#\\\/schema\\\/logo\\\/image\\\/\",\"url\":\"https:\\\/\\\/levinia.com.vn\\\/wp-content\\\/uploads\\\/2022\\\/11\\\/cropped-logo-01.png\",\"contentUrl\":\"https:\\\/\\\/levinia.com.vn\\\/wp-content\\\/uploads\\\/2022\\\/11\\\/cropped-logo-01.png\",\"width\":694,\"height\":234,\"caption\":\"L&#039;evinia\"},\"image\":{\"@id\":\"https:\\\/\\\/levinia.com.vn\\\/#\\\/schema\\\/logo\\\/image\\\/\"}}]}<\/script>\n<!-- \/ Yoast SEO plugin. -->","yoast_head_json":{"title":"KH\u00c1C - L&#039;evinia","robots":{"index":"index","follow":"follow","max-snippet":"max-snippet:-1","max-image-preview":"max-image-preview:large","max-video-preview":"max-video-preview:-1"},"canonical":"https:\/\/levinia.com.vn\/index.php\/san-pham-xxis\/khac\/","og_locale":"vi_VN","og_type":"article","og_title":"KH\u00c1C - L&#039;evinia","og_description":"X\u00c0 B\u00d4NG CAO C\u1ea4P COLLAGEN++ L&#8217;EVINIA VOGUE Mua s\u1ea3n ph\u1ea9m X\u00c0 B\u00d4NG CAO C\u1ea4P COLLAGEN++ L&#8217;EVINIA RITZ Mua s\u1ea3n ph\u1ea9m","og_url":"https:\/\/levinia.com.vn\/index.php\/san-pham-xxis\/khac\/","og_site_name":"L&#039;evinia","article_modified_time":"2022-12-21T16:39:14+00:00","og_image":[{"width":3508,"height":1803,"url":"https:\/\/levinia.com.vn\/wp-content\/uploads\/2022\/11\/hoa-nen-san-pham-01-1.png","type":"image\/png"}],"twitter_card":"summary_large_image","twitter_misc":{"\u01af\u1edbc t\u00ednh th\u1eddi gian \u0111\u1ecdc":"1 ph\u00fat"},"schema":{"@context":"https:\/\/schema.org","@graph":[{"@type":"WebPage","@id":"https:\/\/levinia.com.vn\/index.php\/san-pham-xxis\/khac\/","url":"https:\/\/levinia.com.vn\/index.php\/san-pham-xxis\/khac\/","name":"KH\u00c1C - L&#039;evinia","isPartOf":{"@id":"https:\/\/levinia.com.vn\/#website"},"primaryImageOfPage":{"@id":"https:\/\/levinia.com.vn\/index.php\/san-pham-xxis\/khac\/#primaryimage"},"image":{"@id":"https:\/\/levinia.com.vn\/index.php\/san-pham-xxis\/khac\/#primaryimage"},"thumbnailUrl":"https:\/\/levinia.com.vn\/wp-content\/uploads\/2022\/11\/hoa-nen-san-pham-01-1.png","datePublished":"2022-12-02T12:35:11+00:00","dateModified":"2022-12-21T16:39:14+00:00","breadcrumb":{"@id":"https:\/\/levinia.com.vn\/index.php\/san-pham-xxis\/khac\/#breadcrumb"},"inLanguage":"vi","potentialAction":[{"@type":"ReadAction","target":["https:\/\/levinia.com.vn\/index.php\/san-pham-xxis\/khac\/"]}]},{"@type":"ImageObject","inLanguage":"vi","@id":"https:\/\/levinia.com.vn\/index.php\/san-pham-xxis\/khac\/#primaryimage","url":"https:\/\/levinia.com.vn\/wp-content\/uploads\/2022\/11\/hoa-nen-san-pham-01-1.png","contentUrl":"https:\/\/levinia.com.vn\/wp-content\/uploads\/2022\/11\/hoa-nen-san-pham-01-1.png","width":3508,"height":1803},{"@type":"BreadcrumbList","@id":"https:\/\/levinia.com.vn\/index.php\/san-pham-xxis\/khac\/#breadcrumb","itemListElement":[{"@type":"ListItem","position":1,"name":"Trang ch\u1ee7","item":"https:\/\/levinia.com.vn\/"},{"@type":"ListItem","position":2,"name":"S\u1ea2N PH\u1ea8M L&#8217;EVINIA","item":"https:\/\/levinia.com.vn\/"},{"@type":"ListItem","position":3,"name":"KH\u00c1C"}]},{"@type":"WebSite","@id":"https:\/\/levinia.com.vn\/#website","url":"https:\/\/levinia.com.vn\/","name":"L&#039;evinia","description":"","publisher":{"@id":"https:\/\/levinia.com.vn\/#organization"},"potentialAction":[{"@type":"SearchAction","target":{"@type":"EntryPoint","urlTemplate":"https:\/\/levinia.com.vn\/?s={search_term_string}"},"query-input":{"@type":"PropertyValueSpecification","valueRequired":true,"valueName":"search_term_string"}}],"inLanguage":"vi"},{"@type":"Organization","@id":"https:\/\/levinia.com.vn\/#organization","name":"L&#039;evinia","url":"https:\/\/levinia.com.vn\/","logo":{"@type":"ImageObject","inLanguage":"vi","@id":"https:\/\/levinia.com.vn\/#\/schema\/logo\/image\/","url":"https:\/\/levinia.com.vn\/wp-content\/uploads\/2022\/11\/cropped-logo-01.png","contentUrl":"https:\/\/levinia.com.vn\/wp-content\/uploads\/2022\/11\/cropped-logo-01.png","width":694,"height":234,"caption":"L&#039;evinia"},"image":{"@id":"https:\/\/levinia.com.vn\/#\/schema\/logo\/image\/"}}]}},"jetpack_sharing_enabled":true,"_links":{"self":[{"href":"https:\/\/levinia.com.vn\/index.php\/wp-json\/wp\/v2\/pages\/1291","targetHints":{"allow":["GET"]}}],"collection":[{"href":"https:\/\/levinia.com.vn\/index.php\/wp-json\/wp\/v2\/pages"}],"about":[{"href":"https:\/\/levinia.com.vn\/index.php\/wp-json\/wp\/v2\/types\/page"}],"author":[{"embeddable":true,"href":"https:\/\/levinia.com.vn\/index.php\/wp-json\/wp\/v2\/users\/2"}],"replies":[{"embeddable":true,"href":"https:\/\/levinia.com.vn\/index.php\/wp-json\/wp\/v2\/comments?post=1291"}],"version-history":[{"count":49,"href":"https:\/\/levinia.com.vn\/index.php\/wp-json\/wp\/v2\/pages\/1291\/revisions"}],"predecessor-version":[{"id":1814,"href":"https:\/\/levinia.com.vn\/index.php\/wp-json\/wp\/v2\/pages\/1291\/revisions\/1814"}],"up":[{"embeddable":true,"href":"https:\/\/levinia.com.vn\/index.php\/wp-json\/wp\/v2\/pages\/38"}],"wp:featuredmedia":[{"embeddable":true,"href":"https:\/\/levinia.com.vn\/index.php\/wp-json\/wp\/v2\/media\/1159"}],"wp:attachment":[{"href":"https:\/\/levinia.com.vn\/index.php\/wp-json\/wp\/v2\/media?parent=1291"}],"curies":[{"name":"wp","href":"https:\/\/api.w.org\/{rel}","templated":true}]}}